{"id":633,"date":"2025-05-07T03:01:23","date_gmt":"2025-05-07T03:01:23","guid":{"rendered":"http:\/\/tutok.com.co\/?page_id=633"},"modified":"2025-09-03T19:58:20","modified_gmt":"2025-09-03T19:58:20","slug":"trabaja-con-nosotros","status":"publish","type":"page","link":"https:\/\/tutok.com.co\/en\/trabaja-con-nosotros\/","title":{"rendered":"Work With Us"},"content":{"rendered":"<div data-elementor-type=\"wp-page\" data-elementor-id=\"633\" class=\"elementor elementor-633\" data-elementor-post-type=\"page\">\n\t\t\t\t<div class=\"elementor-element elementor-element-73653ac e-con-full e-flex e-con e-parent\" data-id=\"73653ac\" data-element_type=\"container\" data-settings=\"{&quot;background_background&quot;:&quot;classic&quot;}\">\n\t\t<div class=\"elementor-element elementor-element-b99200d e-con-full e-flex e-con e-child\" data-id=\"b99200d\" data-element_type=\"container\" data-settings=\"{&quot;background_background&quot;:&quot;classic&quot;}\">\n\t\t\t\t<div class=\"elementor-element elementor-element-837dee9 elementor-widget__width-inherit elementor-widget elementor-widget-image\" data-id=\"837dee9\" data-element_type=\"widget\" data-widget_type=\"image.default\">\n\t\t\t\t<div class=\"elementor-widget-container\">\n\t\t\t\t\t\t\t\t\t\t\t\t\t\t\t<img fetchpriority=\"high\" decoding=\"async\" width=\"2560\" height=\"2007\" src=\"https:\/\/tutok.com.co\/wp-content\/uploads\/2025\/05\/Te-estamos-buscando-si-1-scaled.webp\" class=\"attachment-full size-full wp-image-641\" alt=\"\" srcset=\"https:\/\/tutok.com.co\/wp-content\/uploads\/2025\/05\/Te-estamos-buscando-si-1-scaled.webp 2560w, https:\/\/tutok.com.co\/wp-content\/uploads\/2025\/05\/Te-estamos-buscando-si-1-scaled-600x470.webp 600w, https:\/\/tutok.com.co\/wp-content\/uploads\/2025\/05\/Te-estamos-buscando-si-1-300x235.webp 300w, https:\/\/tutok.com.co\/wp-content\/uploads\/2025\/05\/Te-estamos-buscando-si-1-1024x803.webp 1024w, https:\/\/tutok.com.co\/wp-content\/uploads\/2025\/05\/Te-estamos-buscando-si-1-768x602.webp 768w, https:\/\/tutok.com.co\/wp-content\/uploads\/2025\/05\/Te-estamos-buscando-si-1-1536x1204.webp 1536w, https:\/\/tutok.com.co\/wp-content\/uploads\/2025\/05\/Te-estamos-buscando-si-1-2048x1606.webp 2048w, https:\/\/tutok.com.co\/wp-content\/uploads\/2025\/05\/Te-estamos-buscando-si-1-15x12.webp 15w\" sizes=\"(max-width: 2560px) 100vw, 2560px\" \/>\t\t\t\t\t\t\t\t\t\t\t\t\t\t\t<\/div>\n\t\t\t\t<\/div>\n\t\t\t\t<\/div>\n\t\t<div class=\"elementor-element elementor-element-658452b e-con-full e-flex e-con e-child\" data-id=\"658452b\" data-element_type=\"container\">\n\t\t<div class=\"elementor-element elementor-element-2cffd77 e-con-full e-flex e-con e-child\" data-id=\"2cffd77\" data-element_type=\"container\">\n\t\t\t\t<div class=\"elementor-element elementor-element-37bb2a2 elementor-widget__width-auto elementor-widget elementor-widget-heading\" data-id=\"37bb2a2\" data-element_type=\"widget\" data-widget_type=\"heading.default\">\n\t\t\t\t<div class=\"elementor-widget-container\">\n\t\t\t\t\t<span class=\"elementor-heading-title elementor-size-default\">We are<\/span>\t\t\t\t<\/div>\n\t\t\t\t<\/div>\n\t\t<div class=\"elementor-element elementor-element-12e7f21 e-con-full e-flex e-con e-child\" data-id=\"12e7f21\" data-element_type=\"container\">\n\t\t\t\t<div class=\"elementor-element elementor-element-2ace892 elementor-widget__width-auto elementor-absolute elementor-widget elementor-widget-image\" data-id=\"2ace892\" data-element_type=\"widget\" data-settings=\"{&quot;_position&quot;:&quot;absolute&quot;}\" data-widget_type=\"image.default\">\n\t\t\t\t<div class=\"elementor-widget-container\">\n\t\t\t\t\t\t\t\t\t\t\t\t\t\t\t<img decoding=\"async\" width=\"300\" height=\"300\" src=\"https:\/\/tutok.com.co\/wp-content\/uploads\/2025\/05\/\ud83e\uddd0-300x300.avif\" class=\"attachment-medium size-medium wp-image-640\" alt=\"\" srcset=\"https:\/\/tutok.com.co\/wp-content\/uploads\/2025\/05\/\ud83e\uddd0-300x300.avif 300w, https:\/\/tutok.com.co\/wp-content\/uploads\/2025\/05\/\ud83e\uddd0-100x100.avif 100w, https:\/\/tutok.com.co\/wp-content\/uploads\/2025\/05\/\ud83e\uddd0-150x150.avif 150w, https:\/\/tutok.com.co\/wp-content\/uploads\/2025\/05\/\ud83e\uddd0-12x12.avif 12w, https:\/\/tutok.com.co\/wp-content\/uploads\/2025\/05\/\ud83e\uddd0.avif 421w\" sizes=\"(max-width: 300px) 100vw, 300px\" \/>\t\t\t\t\t\t\t\t\t\t\t\t\t\t\t<\/div>\n\t\t\t\t<\/div>\n\t\t\t\t<div class=\"elementor-element elementor-element-a4373b6 elementor-widget__width-auto elementor-widget elementor-widget-heading\" data-id=\"a4373b6\" data-element_type=\"widget\" data-widget_type=\"heading.default\">\n\t\t\t\t<div class=\"elementor-widget-container\">\n\t\t\t\t\t<span class=\"elementor-heading-title elementor-size-default\">looking for<\/span>\t\t\t\t<\/div>\n\t\t\t\t<\/div>\n\t\t\t\t<div class=\"elementor-element elementor-element-053d284 elementor-widget__width-auto elementor-widget elementor-widget-heading\" data-id=\"053d284\" data-element_type=\"widget\" data-widget_type=\"heading.default\">\n\t\t\t\t<div class=\"elementor-widget-container\">\n\t\t\t\t\t<span class=\"elementor-heading-title elementor-size-default\">if...<\/span>\t\t\t\t<\/div>\n\t\t\t\t<\/div>\n\t\t\t\t<\/div>\n\t\t\t\t<\/div>\n\t\t\t\t<div class=\"elementor-element elementor-element-06eaf9d elementor-widget__width-inherit elementor-widget elementor-widget-text-editor\" data-id=\"06eaf9d\" data-element_type=\"widget\" data-widget_type=\"text-editor.default\">\n\t\t\t\t<div class=\"elementor-widget-container\">\n\t\t\t\t\t\t\t\t\t<ul><li>Eres licenciado en lenguas modernas o cuentas con un certificado CELTA o DELTA, o quieres iniciar tu camino como profesor(a) de idiomas a trav\u00e9s del Semillero de Profesores Tutok<\/li><li>Are you passionate about the teaching of languages<\/li><li>You love to interact with others<\/li><li>Tienes un esp\u00edritu juvenil y disfrutas conversar sobre cualquier tema<\/li><li>Eres propositivo y creativo<\/li><\/ul>\t\t\t\t\t\t\t\t<\/div>\n\t\t\t\t<\/div>\n\t\t\t\t<\/div>\n\t\t\t\t<\/div>\n\t\t<div class=\"elementor-element elementor-element-df66d0e e-con-full e-flex e-con e-parent\" data-id=\"df66d0e\" data-element_type=\"container\" data-settings=\"{&quot;background_background&quot;:&quot;classic&quot;}\">\n\t\t\t\t<div class=\"elementor-element elementor-element-0f3e079 elementor-widget__width-inherit marqueeee elementor-widget-widescreen__width-inherit elementor-widget-mobile__width-inherit elementor-widget elementor-widget-image\" data-id=\"0f3e079\" data-element_type=\"widget\" data-widget_type=\"image.default\">\n\t\t\t\t<div class=\"elementor-widget-container\">\n\t\t\t\t\t\t\t\t\t\t\t\t\t\t\t<img decoding=\"async\" width=\"2560\" height=\"41\" src=\"https:\/\/tutok.com.co\/wp-content\/uploads\/2025\/05\/Group-2-scaled.webp\" class=\"attachment-full size-full wp-image-310\" alt=\"\" srcset=\"https:\/\/tutok.com.co\/wp-content\/uploads\/2025\/05\/Group-2-scaled.webp 2560w, https:\/\/tutok.com.co\/wp-content\/uploads\/2025\/05\/Group-2-scaled-600x10.webp 600w, https:\/\/tutok.com.co\/wp-content\/uploads\/2025\/05\/Group-2-300x5.webp 300w, https:\/\/tutok.com.co\/wp-content\/uploads\/2025\/05\/Group-2-1024x16.webp 1024w, https:\/\/tutok.com.co\/wp-content\/uploads\/2025\/05\/Group-2-768x12.webp 768w, https:\/\/tutok.com.co\/wp-content\/uploads\/2025\/05\/Group-2-1536x25.webp 1536w, https:\/\/tutok.com.co\/wp-content\/uploads\/2025\/05\/Group-2-2048x33.webp 2048w, https:\/\/tutok.com.co\/wp-content\/uploads\/2025\/05\/Group-2-18x1.webp 18w\" sizes=\"(max-width: 2560px) 100vw, 2560px\" \/>\t\t\t\t\t\t\t\t\t\t\t\t\t\t\t<\/div>\n\t\t\t\t<\/div>\n\t\t\t\t<\/div>\n\t\t<div class=\"elementor-element elementor-element-8c32eb1 e-flex e-con-boxed e-con e-parent\" data-id=\"8c32eb1\" data-element_type=\"container\" data-settings=\"{&quot;background_background&quot;:&quot;classic&quot;}\">\n\t\t\t\t\t<div class=\"e-con-inner\">\n\t\t\t\t<div class=\"elementor-element elementor-element-4eb0a60 elementor-widget__width-auto elementor-widget elementor-widget-image\" data-id=\"4eb0a60\" data-element_type=\"widget\" data-widget_type=\"image.default\">\n\t\t\t\t<div class=\"elementor-widget-container\">\n\t\t\t\t\t\t\t\t\t\t\t\t\t\t\t<img loading=\"lazy\" decoding=\"async\" width=\"244\" height=\"168\" src=\"https:\/\/tutok.com.co\/wp-content\/uploads\/2025\/05\/Capa_1-2.webp\" class=\"attachment-medium size-medium wp-image-287\" alt=\"\" srcset=\"https:\/\/tutok.com.co\/wp-content\/uploads\/2025\/05\/Capa_1-2.webp 244w, https:\/\/tutok.com.co\/wp-content\/uploads\/2025\/05\/Capa_1-2-18x12.webp 18w\" sizes=\"(max-width: 244px) 100vw, 244px\" \/>\t\t\t\t\t\t\t\t\t\t\t\t\t\t\t<\/div>\n\t\t\t\t<\/div>\n\t\t\t\t<div class=\"elementor-element elementor-element-5790653 elementor-widget__width-inherit elementor-widget elementor-widget-heading\" data-id=\"5790653\" data-element_type=\"widget\" data-widget_type=\"heading.default\">\n\t\t\t\t<div class=\"elementor-widget-container\">\n\t\t\t\t\t<h2 class=\"elementor-heading-title elementor-size-default\">We call you<\/h2>\t\t\t\t<\/div>\n\t\t\t\t<\/div>\n\t\t\t\t<div class=\"elementor-element elementor-element-95ca46e elementor-widget__width-auto elementor-widget elementor-widget-text-editor\" data-id=\"95ca46e\" data-element_type=\"widget\" data-widget_type=\"text-editor.default\">\n\t\t\t\t<div class=\"elementor-widget-container\">\n\t\t\t\t\t\t\t\t\t<p>Leave us your data, attached the documents that we ask and get ready<br \/>to work with the <span style=\"color: #ff3796;\">best team of teachers .<\/span><\/p>\t\t\t\t\t\t\t\t<\/div>\n\t\t\t\t<\/div>\n\t\t\t\t<div class=\"elementor-element elementor-element-382bf10 elementor-widget__width-initial elementor-widget-tablet__width-inherit elementor-widget-mobile_extra__width-inherit elementor-button-align-stretch elementor-widget elementor-widget-form\" data-id=\"382bf10\" data-element_type=\"widget\" id=\"vsWork_contact\" data-settings=\"{&quot;step_next_label&quot;:&quot;Siguiente&quot;,&quot;step_previous_label&quot;:&quot;Anterior&quot;,&quot;button_width&quot;:&quot;100&quot;,&quot;step_type&quot;:&quot;number_text&quot;,&quot;step_icon_shape&quot;:&quot;circle&quot;}\" data-widget_type=\"form.default\">\n\t\t\t\t<div class=\"elementor-widget-container\">\n\t\t\t\t\t\t\t<form class=\"elementor-form\" method=\"post\" name=\"Formulario de contacto - inicio\" aria-label=\"Contact - form- start\" action=\"\">\n\t\t\t<input type=\"hidden\" name=\"post_id\" value=\"633\"\/>\n\t\t\t<input type=\"hidden\" name=\"form_id\" value=\"382bf10\"\/>\n\t\t\t<input type=\"hidden\" name=\"referer_title\" value=\"Tutok\" \/>\n\n\t\t\t\n\t\t\t<div class=\"elementor-form-fields-wrapper elementor-labels-\">\n\t\t\t\t\t\t\t\t<div class=\"elementor-field-type-text elementor-field-group elementor-column elementor-field-group-nombre elementor-col-100\">\n\t\t\t\t\t\t\t\t\t\t\t\t<label for=\"form-field-nombre\" class=\"elementor-field-label elementor-screen-only\">\n\t\t\t\t\t\t\t\tName\t\t\t\t\t\t\t<\/label>\n\t\t\t\t\t\t\t\t\t\t\t\t\t\t<input size=\"1\" type=\"text\" name=\"form_fields[nombre]\" id=\"form-field-nombre\" class=\"elementor-field elementor-size-sm  elementor-field-textual\" placeholder=\"Name\">\n\t\t\t\t\t\t\t\t\t\t\t<\/div>\n\t\t\t\t\t\t\t\t<div class=\"elementor-field-type-email elementor-field-group elementor-column elementor-field-group-email elementor-col-100 elementor-field-required\">\n\t\t\t\t\t\t\t\t\t\t\t\t<label for=\"form-field-email\" class=\"elementor-field-label elementor-screen-only\">\n\t\t\t\t\t\t\t\tE-mail\t\t\t\t\t\t\t<\/label>\n\t\t\t\t\t\t\t\t\t\t\t\t\t\t<input size=\"1\" type=\"email\" name=\"form_fields[email]\" id=\"form-field-email\" class=\"elementor-field elementor-size-sm  elementor-field-textual\" placeholder=\"E-mail\" required=\"required\">\n\t\t\t\t\t\t\t\t\t\t\t<\/div>\n\t\t\t\t\t\t\t\t<div class=\"elementor-field-type-tel elementor-field-group elementor-column elementor-field-group-celular elementor-col-100\">\n\t\t\t\t\t\t\t\t\t\t\t\t<label for=\"form-field-celular\" class=\"elementor-field-label elementor-screen-only\">\n\t\t\t\t\t\t\t\tCell phone\t\t\t\t\t\t\t<\/label>\n\t\t\t\t\t\t\t\t<input size=\"1\" type=\"tel\" name=\"form_fields[celular]\" id=\"form-field-celular\" class=\"elementor-field elementor-size-sm  elementor-field-textual\" placeholder=\"Cell phone\" pattern=\"[0-9()#&amp;+*-=.]+\" title=\"Only numbers and phone characters (#, -, *, etc) are accepted.\">\n\n\t\t\t\t\t\t<\/div>\n\t\t\t\t\t\t\t\t<div class=\"elementor-field-type-text elementor-field-group elementor-column elementor-field-group-pais elementor-col-50\">\n\t\t\t\t\t\t\t\t\t\t\t\t<label for=\"form-field-pais\" class=\"elementor-field-label elementor-screen-only\">\n\t\t\t\t\t\t\t\tCountry\t\t\t\t\t\t\t<\/label>\n\t\t\t\t\t\t\t\t\t\t\t\t\t\t<input size=\"1\" type=\"text\" name=\"form_fields[pais]\" id=\"form-field-pais\" class=\"elementor-field elementor-size-sm  elementor-field-textual\" placeholder=\"Country\">\n\t\t\t\t\t\t\t\t\t\t\t<\/div>\n\t\t\t\t\t\t\t\t<div class=\"elementor-field-type-select elementor-field-group elementor-column elementor-field-group-quieroensenar elementor-col-50\">\n\t\t\t\t\t\t\t\t\t\t\t\t<label for=\"form-field-quieroensenar\" class=\"elementor-field-label elementor-screen-only\">\n\t\t\t\t\t\t\t\tI want to teach\t\t\t\t\t\t\t<\/label>\n\t\t\t\t\t\t\t\t<div class=\"elementor-field elementor-select-wrapper remove-before\">\n\t\t\t<div class=\"select-caret-down-wrapper\">\n\t\t\t\t<svg aria-hidden=\"true\" class=\"e-font-icon-svg e-eicon-caret-down\" viewbox=\"0 0 571.4 571.4\" xmlns=\"http:\/\/www.w3.org\/2000\/svg\"><path d=\"M571 393Q571 407 561 418L311 668Q300 679 286 679T261 668L11 418Q0 407 0 393T11 368 36 357H536Q550 357 561 368T571 393Z\"><\/path><\/svg>\t\t\t<\/div>\n\t\t\t<select name=\"form_fields[quieroensenar]\" id=\"form-field-quieroensenar\" class=\"elementor-field-textual elementor-size-sm\">\n\t\t\t\t\t\t\t\t\t<option value=\"Quiero ense\u00f1ar\">I want to teach<\/option>\n\t\t\t\t\t\t\t\t\t<option value=\"Ingles\">English<\/option>\n\t\t\t\t\t\t\t\t\t<option value=\"Espa\u00f1ol\">Spanish<\/option>\n\t\t\t\t\t\t\t\t\t<option value=\"Italiano\">Italian<\/option>\n\t\t\t\t\t\t\t\t\t<option value=\"Frances\">French<\/option>\n\t\t\t\t\t\t\t\t\t<option value=\"Mandarin\">Chinese<\/option>\n\t\t\t\t\t\t\t<\/select>\n\t\t<\/div>\n\t\t\t\t\t\t<\/div>\n\t\t\t\t\t\t\t\t<div class=\"elementor-field-type-upload elementor-field-group elementor-column elementor-field-group-adjuntarcv elementor-col-50 elementor-field-required\">\n\t\t\t\t\t\t\t\t\t\t\t\t<label for=\"form-field-adjuntarcv\" class=\"elementor-field-label elementor-screen-only\">\n\t\t\t\t\t\t\t\tAttach resume\t\t\t\t\t\t\t<\/label>\n\t\t\t\t\t\t\t\t<input type=\"file\" name=\"form_fields[adjuntarcv]\" id=\"form-field-adjuntarcv\" class=\"elementor-field elementor-size-sm  elementor-upload-field\" required=\"required\" data-maxsize=\"256\" data-maxsize-message=\"This file exceeds the maximum allowed size.\">\n\n\t\t\t\t\t\t<\/div>\n\t\t\t\t\t\t\t\t<div class=\"elementor-field-type-upload elementor-field-group elementor-column elementor-field-group-adjuntarcertificado elementor-col-50 elementor-field-required\">\n\t\t\t\t\t\t\t\t\t\t\t\t<label for=\"form-field-adjuntarcertificado\" class=\"elementor-field-label elementor-screen-only\">\n\t\t\t\t\t\t\t\tAttach certificate of language\t\t\t\t\t\t\t<\/label>\n\t\t\t\t\t\t\t\t<input type=\"file\" name=\"form_fields[adjuntarcertificado]\" id=\"form-field-adjuntarcertificado\" class=\"elementor-field elementor-size-sm  elementor-upload-field\" required=\"required\" data-maxsize=\"256\" data-maxsize-message=\"This file exceeds the maximum allowed size.\">\n\n\t\t\t\t\t\t<\/div>\n\t\t\t\t\t\t\t\t<div class=\"elementor-field-group elementor-column elementor-field-type-submit elementor-col-100 e-form__buttons\">\n\t\t\t\t\t<button class=\"elementor-button elementor-size-sm\" type=\"submit\">\n\t\t\t\t\t\t<span class=\"elementor-button-content-wrapper\">\n\t\t\t\t\t\t\t\t\t\t\t\t\t\t\t\t\t\t\t\t\t\t<span class=\"elementor-button-text\">JOIN THE TEAM TUTOK!<\/span>\n\t\t\t\t\t\t\t\t\t\t\t\t\t<\/span>\n\t\t\t\t\t<\/button>\n\t\t\t\t<\/div>\n\t\t\t<\/div>\n\t\t<input type=\"hidden\" name=\"trp-form-language\" value=\"en\"\/><\/form>\n\t\t\t\t\t\t<\/div>\n\t\t\t\t<\/div>\n\t\t\t\t<div class=\"elementor-element elementor-element-1298352 elementor-widget__width-auto elementor-widget elementor-widget-image\" data-id=\"1298352\" data-element_type=\"widget\" data-widget_type=\"image.default\">\n\t\t\t\t<div class=\"elementor-widget-container\">\n\t\t\t\t\t\t\t\t\t\t\t\t\t\t\t<img loading=\"lazy\" decoding=\"async\" width=\"259\" height=\"188\" src=\"https:\/\/tutok.com.co\/wp-content\/uploads\/2025\/05\/Capa_1-1.webp\" class=\"attachment-medium size-medium wp-image-235\" alt=\"\" srcset=\"https:\/\/tutok.com.co\/wp-content\/uploads\/2025\/05\/Capa_1-1.webp 259w, https:\/\/tutok.com.co\/wp-content\/uploads\/2025\/05\/Capa_1-1-18x12.webp 18w\" sizes=\"(max-width: 259px) 100vw, 259px\" \/>\t\t\t\t\t\t\t\t\t\t\t\t\t\t\t<\/div>\n\t\t\t\t<\/div>\n\t\t\t\t\t<\/div>\n\t\t\t\t<\/div>\n\t\t<div class=\"elementor-element elementor-element-99169df e-con-full e-flex e-con e-parent\" data-id=\"99169df\" data-element_type=\"container\" data-settings=\"{&quot;background_background&quot;:&quot;classic&quot;}\">\n\t\t\t\t<div class=\"elementor-element elementor-element-9b7d25c elementor-widget__width-inherit marqueeee elementor-widget-widescreen__width-inherit elementor-widget-mobile__width-inherit elementor-widget elementor-widget-image\" data-id=\"9b7d25c\" data-element_type=\"widget\" data-widget_type=\"image.default\">\n\t\t\t\t<div class=\"elementor-widget-container\">\n\t\t\t\t\t\t\t\t\t\t\t\t\t\t\t<img decoding=\"async\" width=\"2560\" height=\"41\" src=\"https:\/\/tutok.com.co\/wp-content\/uploads\/2025\/05\/Group-2-scaled.webp\" class=\"attachment-full size-full wp-image-310\" alt=\"\" srcset=\"https:\/\/tutok.com.co\/wp-content\/uploads\/2025\/05\/Group-2-scaled.webp 2560w, https:\/\/tutok.com.co\/wp-content\/uploads\/2025\/05\/Group-2-scaled-600x10.webp 600w, https:\/\/tutok.com.co\/wp-content\/uploads\/2025\/05\/Group-2-300x5.webp 300w, https:\/\/tutok.com.co\/wp-content\/uploads\/2025\/05\/Group-2-1024x16.webp 1024w, https:\/\/tutok.com.co\/wp-content\/uploads\/2025\/05\/Group-2-768x12.webp 768w, https:\/\/tutok.com.co\/wp-content\/uploads\/2025\/05\/Group-2-1536x25.webp 1536w, https:\/\/tutok.com.co\/wp-content\/uploads\/2025\/05\/Group-2-2048x33.webp 2048w, https:\/\/tutok.com.co\/wp-content\/uploads\/2025\/05\/Group-2-18x1.webp 18w\" sizes=\"(max-width: 2560px) 100vw, 2560px\" \/>\t\t\t\t\t\t\t\t\t\t\t\t\t\t\t<\/div>\n\t\t\t\t<\/div>\n\t\t\t\t<\/div>\n\t\t\t\t<\/div>","protected":false},"excerpt":{"rendered":"<p>Te estamos buscando si&#8230; Eres licenciado en lenguas modernas o cuentas con un certificado CELTA o DELTA, o quieres iniciar tu camino como profesor(a) de idiomas a trav\u00e9s del Semillero de Profesores Tutok Eres apasionado por la ense\u00f1anza de idiomas Amas interactuar con otros Tienes un esp\u00edritu juvenil y disfrutas conversar sobre cualquier tema Eres [&hellip;]<\/p>","protected":false},"author":1,"featured_media":0,"parent":0,"menu_order":0,"comment_status":"closed","ping_status":"closed","template":"elementor_header_footer","meta":{"footnotes":""},"class_list":["post-633","page","type-page","status-publish","hentry"],"yoast_head":"<!-- This site is optimized with the Yoast SEO plugin v27.2 - https:\/\/yoast.com\/product\/yoast-seo-wordpress\/ -->\n<title>Trabaja con nosotros - Tutok<\/title>\n<meta name=\"robots\" content=\"index, follow, max-snippet:-1, max-image-preview:large, max-video-preview:-1\" \/>\n<link rel=\"canonical\" href=\"https:\/\/tutok.com.co\/en\/trabaja-con-nosotros\/\" \/>\n<meta property=\"og:locale\" content=\"en_US\" \/>\n<meta property=\"og:type\" content=\"article\" \/>\n<meta property=\"og:title\" content=\"Trabaja con nosotros - Tutok\" \/>\n<meta property=\"og:description\" content=\"Te estamos buscando si&#8230; Eres licenciado en lenguas modernas o cuentas con un certificado CELTA o DELTA, o quieres iniciar tu camino como profesor(a) de idiomas a trav\u00e9s del Semillero de Profesores Tutok Eres apasionado por la ense\u00f1anza de idiomas Amas interactuar con otros Tienes un esp\u00edritu juvenil y disfrutas conversar sobre cualquier tema Eres [&hellip;]\" \/>\n<meta property=\"og:url\" content=\"https:\/\/tutok.com.co\/en\/trabaja-con-nosotros\/\" \/>\n<meta property=\"og:site_name\" content=\"Tutok\" \/>\n<meta property=\"article:modified_time\" content=\"2025-09-03T19:58:20+00:00\" \/>\n<meta property=\"og:image\" content=\"https:\/\/tutok.com.co\/wp-content\/uploads\/2025\/05\/Te-estamos-buscando-si-1-scaled.webp\" \/>\n\t<meta property=\"og:image:width\" content=\"2560\" \/>\n\t<meta property=\"og:image:height\" content=\"2007\" \/>\n\t<meta property=\"og:image:type\" content=\"image\/webp\" \/>\n<meta name=\"twitter:card\" content=\"summary_large_image\" \/>\n<meta name=\"twitter:label1\" content=\"Est. reading time\" \/>\n\t<meta name=\"twitter:data1\" content=\"2 minutes\" \/>\n<script type=\"application\/ld+json\" class=\"yoast-schema-graph\">{\"@context\":\"https:\/\/schema.org\",\"@graph\":[{\"@type\":\"WebPage\",\"@id\":\"https:\/\/tutok.com.co\/trabaja-con-nosotros\/\",\"url\":\"https:\/\/tutok.com.co\/trabaja-con-nosotros\/\",\"name\":\"Trabaja con nosotros - Tutok\",\"isPartOf\":{\"@id\":\"https:\/\/tutok.com.co\/#website\"},\"primaryImageOfPage\":{\"@id\":\"https:\/\/tutok.com.co\/trabaja-con-nosotros\/#primaryimage\"},\"image\":{\"@id\":\"https:\/\/tutok.com.co\/trabaja-con-nosotros\/#primaryimage\"},\"thumbnailUrl\":\"https:\/\/tutok.com.co\/wp-content\/uploads\/2025\/05\/Te-estamos-buscando-si-1-scaled.webp\",\"datePublished\":\"2025-05-07T03:01:23+00:00\",\"dateModified\":\"2025-09-03T19:58:20+00:00\",\"breadcrumb\":{\"@id\":\"https:\/\/tutok.com.co\/trabaja-con-nosotros\/#breadcrumb\"},\"inLanguage\":\"en-US\",\"potentialAction\":[{\"@type\":\"ReadAction\",\"target\":[\"https:\/\/tutok.com.co\/trabaja-con-nosotros\/\"]}]},{\"@type\":\"ImageObject\",\"inLanguage\":\"en-US\",\"@id\":\"https:\/\/tutok.com.co\/trabaja-con-nosotros\/#primaryimage\",\"url\":\"https:\/\/tutok.com.co\/wp-content\/uploads\/2025\/05\/Te-estamos-buscando-si-1-scaled.webp\",\"contentUrl\":\"https:\/\/tutok.com.co\/wp-content\/uploads\/2025\/05\/Te-estamos-buscando-si-1-scaled.webp\"},{\"@type\":\"BreadcrumbList\",\"@id\":\"https:\/\/tutok.com.co\/trabaja-con-nosotros\/#breadcrumb\",\"itemListElement\":[{\"@type\":\"ListItem\",\"position\":1,\"name\":\"Portada\",\"item\":\"https:\/\/tutok.com.co\/\"},{\"@type\":\"ListItem\",\"position\":2,\"name\":\"Trabaja con nosotros\"}]},{\"@type\":\"WebSite\",\"@id\":\"https:\/\/tutok.com.co\/#website\",\"url\":\"https:\/\/tutok.com.co\/\",\"name\":\"Tutok\",\"description\":\"\",\"potentialAction\":[{\"@type\":\"SearchAction\",\"target\":{\"@type\":\"EntryPoint\",\"urlTemplate\":\"https:\/\/tutok.com.co\/?s={search_term_string}\"},\"query-input\":{\"@type\":\"PropertyValueSpecification\",\"valueRequired\":true,\"valueName\":\"search_term_string\"}}],\"inLanguage\":\"en-US\"}]}<\/script>\n<!-- \/ Yoast SEO plugin. -->","yoast_head_json":{"title":"Trabaja con nosotros - Tutok","robots":{"index":"index","follow":"follow","max-snippet":"max-snippet:-1","max-image-preview":"max-image-preview:large","max-video-preview":"max-video-preview:-1"},"canonical":"https:\/\/tutok.com.co\/en\/trabaja-con-nosotros\/","og_locale":"en_US","og_type":"article","og_title":"Trabaja con nosotros - Tutok","og_description":"Te estamos buscando si&#8230; Eres licenciado en lenguas modernas o cuentas con un certificado CELTA o DELTA, o quieres iniciar tu camino como profesor(a) de idiomas a trav\u00e9s del Semillero de Profesores Tutok Eres apasionado por la ense\u00f1anza de idiomas Amas interactuar con otros Tienes un esp\u00edritu juvenil y disfrutas conversar sobre cualquier tema Eres [&hellip;]","og_url":"https:\/\/tutok.com.co\/en\/trabaja-con-nosotros\/","og_site_name":"Tutok","article_modified_time":"2025-09-03T19:58:20+00:00","og_image":[{"width":2560,"height":2007,"url":"https:\/\/tutok.com.co\/wp-content\/uploads\/2025\/05\/Te-estamos-buscando-si-1-scaled.webp","type":"image\/webp"}],"twitter_card":"summary_large_image","twitter_misc":{"Est. reading time":"2 minutes"},"schema":{"@context":"https:\/\/schema.org","@graph":[{"@type":"WebPage","@id":"https:\/\/tutok.com.co\/trabaja-con-nosotros\/","url":"https:\/\/tutok.com.co\/trabaja-con-nosotros\/","name":"Trabaja con nosotros - Tutok","isPartOf":{"@id":"https:\/\/tutok.com.co\/#website"},"primaryImageOfPage":{"@id":"https:\/\/tutok.com.co\/trabaja-con-nosotros\/#primaryimage"},"image":{"@id":"https:\/\/tutok.com.co\/trabaja-con-nosotros\/#primaryimage"},"thumbnailUrl":"https:\/\/tutok.com.co\/wp-content\/uploads\/2025\/05\/Te-estamos-buscando-si-1-scaled.webp","datePublished":"2025-05-07T03:01:23+00:00","dateModified":"2025-09-03T19:58:20+00:00","breadcrumb":{"@id":"https:\/\/tutok.com.co\/trabaja-con-nosotros\/#breadcrumb"},"inLanguage":"en-US","potentialAction":[{"@type":"ReadAction","target":["https:\/\/tutok.com.co\/trabaja-con-nosotros\/"]}]},{"@type":"ImageObject","inLanguage":"en-US","@id":"https:\/\/tutok.com.co\/trabaja-con-nosotros\/#primaryimage","url":"https:\/\/tutok.com.co\/wp-content\/uploads\/2025\/05\/Te-estamos-buscando-si-1-scaled.webp","contentUrl":"https:\/\/tutok.com.co\/wp-content\/uploads\/2025\/05\/Te-estamos-buscando-si-1-scaled.webp"},{"@type":"BreadcrumbList","@id":"https:\/\/tutok.com.co\/trabaja-con-nosotros\/#breadcrumb","itemListElement":[{"@type":"ListItem","position":1,"name":"Portada","item":"https:\/\/tutok.com.co\/"},{"@type":"ListItem","position":2,"name":"Trabaja con nosotros"}]},{"@type":"WebSite","@id":"https:\/\/tutok.com.co\/#website","url":"https:\/\/tutok.com.co\/","name":"Tutok","description":"","potentialAction":[{"@type":"SearchAction","target":{"@type":"EntryPoint","urlTemplate":"https:\/\/tutok.com.co\/?s={search_term_string}"},"query-input":{"@type":"PropertyValueSpecification","valueRequired":true,"valueName":"search_term_string"}}],"inLanguage":"en-US"}]}},"_links":{"self":[{"href":"https:\/\/tutok.com.co\/en\/wp-json\/wp\/v2\/pages\/633","targetHints":{"allow":["GET"]}}],"collection":[{"href":"https:\/\/tutok.com.co\/en\/wp-json\/wp\/v2\/pages"}],"about":[{"href":"https:\/\/tutok.com.co\/en\/wp-json\/wp\/v2\/types\/page"}],"author":[{"embeddable":true,"href":"https:\/\/tutok.com.co\/en\/wp-json\/wp\/v2\/users\/1"}],"replies":[{"embeddable":true,"href":"https:\/\/tutok.com.co\/en\/wp-json\/wp\/v2\/comments?post=633"}],"version-history":[{"count":20,"href":"https:\/\/tutok.com.co\/en\/wp-json\/wp\/v2\/pages\/633\/revisions"}],"predecessor-version":[{"id":1775,"href":"https:\/\/tutok.com.co\/en\/wp-json\/wp\/v2\/pages\/633\/revisions\/1775"}],"wp:attachment":[{"href":"https:\/\/tutok.com.co\/en\/wp-json\/wp\/v2\/media?parent=633"}],"curies":[{"name":"wp","href":"https:\/\/api.w.org\/{rel}","templated":true}]}}