{"id":1020,"date":"2025-06-05T19:13:52","date_gmt":"2025-06-05T19:13:52","guid":{"rendered":"http:\/\/tutok.com.co\/?post_type=product&#038;p=1020"},"modified":"2025-07-23T20:08:36","modified_gmt":"2025-07-23T20:08:36","slug":"tutok-spark-02","status":"publish","type":"product","link":"https:\/\/tutok.com.co\/en\/product\/tutok-spark-02\/","title":{"rendered":"Tutok Spark &#8211; Pre Venta"},"content":{"rendered":"<p data-pm-slice=\"1 1 []\">It is a card game ideal for making friends and practice English through 6 thematic categories: Dilemmas, Get To Know Me, Spicy, Travel &amp; Adventure, Pop Culture and Truth Or Dare. It&#039;s the perfect excuse to ask something you didn&#039;t know how!<\/p>\n<p data-pm-slice=\"1 1 []\">\u2013 Ideal for learners or speakers of the English<\/p>\n<p>\u2013 Includes: Gasket, 71 cards, 1 die, custom<\/p>\n<p>\u2013 $70,000 COP + $7.000 (shipping costs, if applicable)<\/p>","protected":false},"excerpt":{"rendered":"<p>It is a card game ideal for making friends and practice English through 6 thematic categories: Dilemmas, Get To Know Me, Spicy, Travel &amp; Adventure, Pop Culture and Truth Or Dare.<\/p>","protected":false},"featured_media":993,"template":"","meta":[],"product_brand":[],"product_cat":[21],"product_tag":[],"class_list":{"0":"post-1020","1":"product","2":"type-product","3":"status-publish","4":"has-post-thumbnail","6":"product_cat-sin-categorizar","8":"first","9":"instock","10":"sale","11":"shipping-taxable","12":"purchasable","13":"product-type-simple"},"yoast_head":"<!-- This site is optimized with the Yoast SEO plugin v27.2 - https:\/\/yoast.com\/product\/yoast-seo-wordpress\/ -->\n<title>Tutok Spark - Pre Venta - Tutok<\/title>\n<meta name=\"robots\" content=\"index, follow, max-snippet:-1, max-image-preview:large, max-video-preview:-1\" \/>\n<link rel=\"canonical\" href=\"https:\/\/tutok.com.co\/en\/product\/tutok-spark-02\/\" \/>\n<meta property=\"og:locale\" content=\"en_US\" \/>\n<meta property=\"og:type\" content=\"article\" \/>\n<meta property=\"og:title\" content=\"Tutok Spark - Pre Venta - Tutok\" \/>\n<meta property=\"og:description\" content=\"Es un juego de cartas ideal para hacer amigos y practicar ingl\u00e9s a trav\u00e9s de 6 categor\u00edas tem\u00e1ticas: Dilemmas, Get To Know Me, Spicy, Travel &amp; Adventure, Pop Culture y Truth Or Dare.\" \/>\n<meta property=\"og:url\" content=\"https:\/\/tutok.com.co\/en\/product\/tutok-spark-02\/\" \/>\n<meta property=\"og:site_name\" content=\"Tutok\" \/>\n<meta property=\"article:modified_time\" content=\"2025-07-23T20:08:36+00:00\" \/>\n<meta property=\"og:image\" content=\"https:\/\/tutok.com.co\/wp-content\/uploads\/2025\/06\/Imagen-de-WhatsApp-2025-06-03-a-las-20.28.59_09d8332c.webp\" \/>\n\t<meta property=\"og:image:width\" content=\"1600\" \/>\n\t<meta property=\"og:image:height\" content=\"1600\" \/>\n\t<meta property=\"og:image:type\" content=\"image\/webp\" \/>\n<meta name=\"twitter:card\" content=\"summary_large_image\" \/>\n<meta name=\"twitter:label1\" content=\"Est. reading time\" \/>\n\t<meta name=\"twitter:data1\" content=\"1 minute\" \/>\n<script type=\"application\/ld+json\" class=\"yoast-schema-graph\">{\"@context\":\"https:\/\/schema.org\",\"@graph\":[{\"@type\":\"WebPage\",\"@id\":\"https:\/\/tutok.com.co\/producto\/tutok-spark-02\/\",\"url\":\"https:\/\/tutok.com.co\/producto\/tutok-spark-02\/\",\"name\":\"Tutok Spark - Pre Venta - Tutok\",\"isPartOf\":{\"@id\":\"https:\/\/tutok.com.co\/#website\"},\"primaryImageOfPage\":{\"@id\":\"https:\/\/tutok.com.co\/producto\/tutok-spark-02\/#primaryimage\"},\"image\":{\"@id\":\"https:\/\/tutok.com.co\/producto\/tutok-spark-02\/#primaryimage\"},\"thumbnailUrl\":\"https:\/\/tutok.com.co\/wp-content\/uploads\/2025\/06\/Imagen-de-WhatsApp-2025-06-03-a-las-20.28.59_09d8332c.webp\",\"datePublished\":\"2025-06-05T19:13:52+00:00\",\"dateModified\":\"2025-07-23T20:08:36+00:00\",\"breadcrumb\":{\"@id\":\"https:\/\/tutok.com.co\/producto\/tutok-spark-02\/#breadcrumb\"},\"inLanguage\":\"en-US\",\"potentialAction\":[{\"@type\":\"ReadAction\",\"target\":[\"https:\/\/tutok.com.co\/producto\/tutok-spark-02\/\"]}]},{\"@type\":\"ImageObject\",\"inLanguage\":\"en-US\",\"@id\":\"https:\/\/tutok.com.co\/producto\/tutok-spark-02\/#primaryimage\",\"url\":\"https:\/\/tutok.com.co\/wp-content\/uploads\/2025\/06\/Imagen-de-WhatsApp-2025-06-03-a-las-20.28.59_09d8332c.webp\",\"contentUrl\":\"https:\/\/tutok.com.co\/wp-content\/uploads\/2025\/06\/Imagen-de-WhatsApp-2025-06-03-a-las-20.28.59_09d8332c.webp\",\"width\":1600,\"height\":1600,\"caption\":\"Imagen de WhatsApp 2025-06-03 a las 20.28.59_09d8332c\"},{\"@type\":\"BreadcrumbList\",\"@id\":\"https:\/\/tutok.com.co\/producto\/tutok-spark-02\/#breadcrumb\",\"itemListElement\":[{\"@type\":\"ListItem\",\"position\":1,\"name\":\"Portada\",\"item\":\"https:\/\/tutok.com.co\/\"},{\"@type\":\"ListItem\",\"position\":2,\"name\":\"Tienda\",\"item\":\"https:\/\/tutok.com.co\/tienda\/\"},{\"@type\":\"ListItem\",\"position\":3,\"name\":\"Tutok Spark &#8211; Pre Venta\"}]},{\"@type\":\"WebSite\",\"@id\":\"https:\/\/tutok.com.co\/#website\",\"url\":\"https:\/\/tutok.com.co\/\",\"name\":\"Tutok\",\"description\":\"\",\"potentialAction\":[{\"@type\":\"SearchAction\",\"target\":{\"@type\":\"EntryPoint\",\"urlTemplate\":\"https:\/\/tutok.com.co\/?s={search_term_string}\"},\"query-input\":{\"@type\":\"PropertyValueSpecification\",\"valueRequired\":true,\"valueName\":\"search_term_string\"}}],\"inLanguage\":\"en-US\"}]}<\/script>\n<!-- \/ Yoast SEO plugin. -->","yoast_head_json":{"title":"Tutok Spark - Pre Venta - Tutok","robots":{"index":"index","follow":"follow","max-snippet":"max-snippet:-1","max-image-preview":"max-image-preview:large","max-video-preview":"max-video-preview:-1"},"canonical":"https:\/\/tutok.com.co\/en\/product\/tutok-spark-02\/","og_locale":"en_US","og_type":"article","og_title":"Tutok Spark - Pre Venta - Tutok","og_description":"Es un juego de cartas ideal para hacer amigos y practicar ingl\u00e9s a trav\u00e9s de 6 categor\u00edas tem\u00e1ticas: Dilemmas, Get To Know Me, Spicy, Travel &amp; Adventure, Pop Culture y Truth Or Dare.","og_url":"https:\/\/tutok.com.co\/en\/product\/tutok-spark-02\/","og_site_name":"Tutok","article_modified_time":"2025-07-23T20:08:36+00:00","og_image":[{"width":1600,"height":1600,"url":"https:\/\/tutok.com.co\/wp-content\/uploads\/2025\/06\/Imagen-de-WhatsApp-2025-06-03-a-las-20.28.59_09d8332c.webp","type":"image\/webp"}],"twitter_card":"summary_large_image","twitter_misc":{"Est. reading time":"1 minute"},"schema":{"@context":"https:\/\/schema.org","@graph":[{"@type":"WebPage","@id":"https:\/\/tutok.com.co\/producto\/tutok-spark-02\/","url":"https:\/\/tutok.com.co\/producto\/tutok-spark-02\/","name":"Tutok Spark - Pre Venta - Tutok","isPartOf":{"@id":"https:\/\/tutok.com.co\/#website"},"primaryImageOfPage":{"@id":"https:\/\/tutok.com.co\/producto\/tutok-spark-02\/#primaryimage"},"image":{"@id":"https:\/\/tutok.com.co\/producto\/tutok-spark-02\/#primaryimage"},"thumbnailUrl":"https:\/\/tutok.com.co\/wp-content\/uploads\/2025\/06\/Imagen-de-WhatsApp-2025-06-03-a-las-20.28.59_09d8332c.webp","datePublished":"2025-06-05T19:13:52+00:00","dateModified":"2025-07-23T20:08:36+00:00","breadcrumb":{"@id":"https:\/\/tutok.com.co\/producto\/tutok-spark-02\/#breadcrumb"},"inLanguage":"en-US","potentialAction":[{"@type":"ReadAction","target":["https:\/\/tutok.com.co\/producto\/tutok-spark-02\/"]}]},{"@type":"ImageObject","inLanguage":"en-US","@id":"https:\/\/tutok.com.co\/producto\/tutok-spark-02\/#primaryimage","url":"https:\/\/tutok.com.co\/wp-content\/uploads\/2025\/06\/Imagen-de-WhatsApp-2025-06-03-a-las-20.28.59_09d8332c.webp","contentUrl":"https:\/\/tutok.com.co\/wp-content\/uploads\/2025\/06\/Imagen-de-WhatsApp-2025-06-03-a-las-20.28.59_09d8332c.webp","width":1600,"height":1600,"caption":"Imagen de WhatsApp 2025-06-03 a las 20.28.59_09d8332c"},{"@type":"BreadcrumbList","@id":"https:\/\/tutok.com.co\/producto\/tutok-spark-02\/#breadcrumb","itemListElement":[{"@type":"ListItem","position":1,"name":"Portada","item":"https:\/\/tutok.com.co\/"},{"@type":"ListItem","position":2,"name":"Tienda","item":"https:\/\/tutok.com.co\/tienda\/"},{"@type":"ListItem","position":3,"name":"Tutok Spark &#8211; Pre Venta"}]},{"@type":"WebSite","@id":"https:\/\/tutok.com.co\/#website","url":"https:\/\/tutok.com.co\/","name":"Tutok","description":"","potentialAction":[{"@type":"SearchAction","target":{"@type":"EntryPoint","urlTemplate":"https:\/\/tutok.com.co\/?s={search_term_string}"},"query-input":{"@type":"PropertyValueSpecification","valueRequired":true,"valueName":"search_term_string"}}],"inLanguage":"en-US"}]}},"_links":{"self":[{"href":"https:\/\/tutok.com.co\/en\/wp-json\/wp\/v2\/product\/1020","targetHints":{"allow":["GET"]}}],"collection":[{"href":"https:\/\/tutok.com.co\/en\/wp-json\/wp\/v2\/product"}],"about":[{"href":"https:\/\/tutok.com.co\/en\/wp-json\/wp\/v2\/types\/product"}],"version-history":[{"count":1,"href":"https:\/\/tutok.com.co\/en\/wp-json\/wp\/v2\/product\/1020\/revisions"}],"predecessor-version":[{"id":1650,"href":"https:\/\/tutok.com.co\/en\/wp-json\/wp\/v2\/product\/1020\/revisions\/1650"}],"wp:featuredmedia":[{"embeddable":true,"href":"https:\/\/tutok.com.co\/en\/wp-json\/wp\/v2\/media\/993"}],"wp:attachment":[{"href":"https:\/\/tutok.com.co\/en\/wp-json\/wp\/v2\/media?parent=1020"}],"wp:term":[{"taxonomy":"product_brand","embeddable":true,"href":"https:\/\/tutok.com.co\/en\/wp-json\/wp\/v2\/product_brand?post=1020"},{"taxonomy":"product_cat","embeddable":true,"href":"https:\/\/tutok.com.co\/en\/wp-json\/wp\/v2\/product_cat?post=1020"},{"taxonomy":"product_tag","embeddable":true,"href":"https:\/\/tutok.com.co\/en\/wp-json\/wp\/v2\/product_tag?post=1020"}],"curies":[{"name":"wp","href":"https:\/\/api.w.org\/{rel}","templated":true}]}}